{"id":443,"date":"2021-11-12T20:40:52","date_gmt":"2021-11-12T19:40:52","guid":{"rendered":"https:\/\/sunrise-apartments.pl\/?page_id=443"},"modified":"2021-11-20T10:18:37","modified_gmt":"2021-11-20T09:18:37","slug":"oferta-andrzejkowa","status":"publish","type":"page","link":"https:\/\/sunrise-apartments.pl\/pl_pl\/oferta-andrzejkowa\/","title":{"rendered":"Oferta andrzejkowa"},"content":{"rendered":"","protected":false},"excerpt":{"rendered":"","protected":false},"author":1,"featured_media":0,"parent":0,"menu_order":0,"comment_status":"closed","ping_status":"closed","template":"","meta":{"footnotes":""},"class_list":["post-443","page","type-page","status-publish","hentry"],"yoast_head":"<!-- This site is optimized with the Yoast SEO plugin v27.4 - https:\/\/yoast.com\/product\/yoast-seo-wordpress\/ -->\n<title>Sunrise Apartments - Oferta Andrzejkowa<\/title>\n<meta name=\"description\" content=\"Planujesz pobyt nad Polskim morzem w andrzejkowy weekend? Skorzystaj z naszej oferty i zrelaksuj si\u0119 w pi\u0119knych apartamentach.\" \/>\n<meta name=\"robots\" content=\"index, follow, max-snippet:-1, max-image-preview:large, max-video-preview:-1\" \/>\n<link rel=\"canonical\" href=\"https:\/\/sunrise-apartments.pl\/pl_pl\/oferta-andrzejkowa\/\" \/>\n<meta property=\"og:locale\" content=\"pl_PL\" \/>\n<meta property=\"og:type\" content=\"article\" \/>\n<meta property=\"og:title\" content=\"Sunrise Apartments - Oferta Andrzejkowa\" \/>\n<meta property=\"og:description\" content=\"Planujesz pobyt nad Polskim morzem w andrzejkowy weekend? Skorzystaj z naszej oferty i zrelaksuj si\u0119 w pi\u0119knych apartamentach.\" \/>\n<meta property=\"og:url\" content=\"https:\/\/sunrise-apartments.pl\/pl_pl\/oferta-andrzejkowa\/\" \/>\n<meta property=\"og:site_name\" content=\"Sunrise Apartments\" \/>\n<meta property=\"article:publisher\" content=\"https:\/\/www.facebook.com\/Sunrise-Apartaments-%c5%9awinouj%c5%9bcie-Przyt%c3%b3r-104160921909760\/\" \/>\n<meta property=\"article:modified_time\" content=\"2021-11-20T09:18:37+00:00\" \/>\n<meta name=\"twitter:card\" content=\"summary_large_image\" \/>\n<script type=\"application\/ld+json\" class=\"yoast-schema-graph\">{\"@context\":\"https:\\\/\\\/schema.org\",\"@graph\":[{\"@type\":\"WebPage\",\"@id\":\"https:\\\/\\\/sunrise-apartments.pl\\\/pl_pl\\\/oferta-andrzejkowa\\\/\",\"url\":\"https:\\\/\\\/sunrise-apartments.pl\\\/pl_pl\\\/oferta-andrzejkowa\\\/\",\"name\":\"Sunrise Apartments - Oferta Andrzejkowa\",\"isPartOf\":{\"@id\":\"https:\\\/\\\/sunrise-apartments.pl\\\/pl_pl\\\/#website\"},\"datePublished\":\"2021-11-12T19:40:52+00:00\",\"dateModified\":\"2021-11-20T09:18:37+00:00\",\"description\":\"Planujesz pobyt nad Polskim morzem w andrzejkowy weekend? Skorzystaj z naszej oferty i zrelaksuj si\u0119 w pi\u0119knych apartamentach.\",\"breadcrumb\":{\"@id\":\"https:\\\/\\\/sunrise-apartments.pl\\\/pl_pl\\\/oferta-andrzejkowa\\\/#breadcrumb\"},\"inLanguage\":\"pl-PL\",\"potentialAction\":[{\"@type\":\"ReadAction\",\"target\":[\"https:\\\/\\\/sunrise-apartments.pl\\\/pl_pl\\\/oferta-andrzejkowa\\\/\"]}]},{\"@type\":\"BreadcrumbList\",\"@id\":\"https:\\\/\\\/sunrise-apartments.pl\\\/pl_pl\\\/oferta-andrzejkowa\\\/#breadcrumb\",\"itemListElement\":[{\"@type\":\"ListItem\",\"position\":1,\"name\":\"Strona g\u0142\u00f3wna\",\"item\":\"https:\\\/\\\/sunrise-apartments.pl\\\/pl_pl\\\/\"},{\"@type\":\"ListItem\",\"position\":2,\"name\":\"Oferta andrzejkowa\"}]},{\"@type\":\"WebSite\",\"@id\":\"https:\\\/\\\/sunrise-apartments.pl\\\/pl_pl\\\/#website\",\"url\":\"https:\\\/\\\/sunrise-apartments.pl\\\/pl_pl\\\/\",\"name\":\"Sunrise Apartments\",\"description\":\"\",\"publisher\":{\"@id\":\"https:\\\/\\\/sunrise-apartments.pl\\\/pl_pl\\\/#organization\"},\"potentialAction\":[{\"@type\":\"SearchAction\",\"target\":{\"@type\":\"EntryPoint\",\"urlTemplate\":\"https:\\\/\\\/sunrise-apartments.pl\\\/pl_pl\\\/?s={search_term_string}\"},\"query-input\":{\"@type\":\"PropertyValueSpecification\",\"valueRequired\":true,\"valueName\":\"search_term_string\"}}],\"inLanguage\":\"pl-PL\"},{\"@type\":\"Organization\",\"@id\":\"https:\\\/\\\/sunrise-apartments.pl\\\/pl_pl\\\/#organization\",\"name\":\"Sunrise Apartments\",\"url\":\"https:\\\/\\\/sunrise-apartments.pl\\\/pl_pl\\\/\",\"logo\":{\"@type\":\"ImageObject\",\"inLanguage\":\"pl-PL\",\"@id\":\"https:\\\/\\\/sunrise-apartments.pl\\\/pl_pl\\\/#\\\/schema\\\/logo\\\/image\\\/\",\"url\":\"https:\\\/\\\/sunrise-apartments.pl\\\/wp-content\\\/uploads\\\/2021\\\/05\\\/sunrise-apartments-logo2.svg\",\"contentUrl\":\"https:\\\/\\\/sunrise-apartments.pl\\\/wp-content\\\/uploads\\\/2021\\\/05\\\/sunrise-apartments-logo2.svg\",\"width\":1,\"height\":1,\"caption\":\"Sunrise Apartments\"},\"image\":{\"@id\":\"https:\\\/\\\/sunrise-apartments.pl\\\/pl_pl\\\/#\\\/schema\\\/logo\\\/image\\\/\"},\"sameAs\":[\"https:\\\/\\\/www.facebook.com\\\/Sunrise-Apartaments-\u015awinouj\u015bcie-Przyt\u00f3r-104160921909760\\\/\"]}]}<\/script>\n<!-- \/ Yoast SEO plugin. -->","yoast_head_json":{"title":"Sunrise Apartments - Oferta Andrzejkowa","description":"Planujesz pobyt nad Polskim morzem w andrzejkowy weekend? Skorzystaj z naszej oferty i zrelaksuj si\u0119 w pi\u0119knych apartamentach.","robots":{"index":"index","follow":"follow","max-snippet":"max-snippet:-1","max-image-preview":"max-image-preview:large","max-video-preview":"max-video-preview:-1"},"canonical":"https:\/\/sunrise-apartments.pl\/pl_pl\/oferta-andrzejkowa\/","og_locale":"pl_PL","og_type":"article","og_title":"Sunrise Apartments - Oferta Andrzejkowa","og_description":"Planujesz pobyt nad Polskim morzem w andrzejkowy weekend? Skorzystaj z naszej oferty i zrelaksuj si\u0119 w pi\u0119knych apartamentach.","og_url":"https:\/\/sunrise-apartments.pl\/pl_pl\/oferta-andrzejkowa\/","og_site_name":"Sunrise Apartments","article_publisher":"https:\/\/www.facebook.com\/Sunrise-Apartaments-%c5%9awinouj%c5%9bcie-Przyt%c3%b3r-104160921909760\/","article_modified_time":"2021-11-20T09:18:37+00:00","twitter_card":"summary_large_image","schema":{"@context":"https:\/\/schema.org","@graph":[{"@type":"WebPage","@id":"https:\/\/sunrise-apartments.pl\/pl_pl\/oferta-andrzejkowa\/","url":"https:\/\/sunrise-apartments.pl\/pl_pl\/oferta-andrzejkowa\/","name":"Sunrise Apartments - Oferta Andrzejkowa","isPartOf":{"@id":"https:\/\/sunrise-apartments.pl\/pl_pl\/#website"},"datePublished":"2021-11-12T19:40:52+00:00","dateModified":"2021-11-20T09:18:37+00:00","description":"Planujesz pobyt nad Polskim morzem w andrzejkowy weekend? Skorzystaj z naszej oferty i zrelaksuj si\u0119 w pi\u0119knych apartamentach.","breadcrumb":{"@id":"https:\/\/sunrise-apartments.pl\/pl_pl\/oferta-andrzejkowa\/#breadcrumb"},"inLanguage":"pl-PL","potentialAction":[{"@type":"ReadAction","target":["https:\/\/sunrise-apartments.pl\/pl_pl\/oferta-andrzejkowa\/"]}]},{"@type":"BreadcrumbList","@id":"https:\/\/sunrise-apartments.pl\/pl_pl\/oferta-andrzejkowa\/#breadcrumb","itemListElement":[{"@type":"ListItem","position":1,"name":"Strona g\u0142\u00f3wna","item":"https:\/\/sunrise-apartments.pl\/pl_pl\/"},{"@type":"ListItem","position":2,"name":"Oferta andrzejkowa"}]},{"@type":"WebSite","@id":"https:\/\/sunrise-apartments.pl\/pl_pl\/#website","url":"https:\/\/sunrise-apartments.pl\/pl_pl\/","name":"Sunrise Apartments","description":"","publisher":{"@id":"https:\/\/sunrise-apartments.pl\/pl_pl\/#organization"},"potentialAction":[{"@type":"SearchAction","target":{"@type":"EntryPoint","urlTemplate":"https:\/\/sunrise-apartments.pl\/pl_pl\/?s={search_term_string}"},"query-input":{"@type":"PropertyValueSpecification","valueRequired":true,"valueName":"search_term_string"}}],"inLanguage":"pl-PL"},{"@type":"Organization","@id":"https:\/\/sunrise-apartments.pl\/pl_pl\/#organization","name":"Sunrise Apartments","url":"https:\/\/sunrise-apartments.pl\/pl_pl\/","logo":{"@type":"ImageObject","inLanguage":"pl-PL","@id":"https:\/\/sunrise-apartments.pl\/pl_pl\/#\/schema\/logo\/image\/","url":"https:\/\/sunrise-apartments.pl\/wp-content\/uploads\/2021\/05\/sunrise-apartments-logo2.svg","contentUrl":"https:\/\/sunrise-apartments.pl\/wp-content\/uploads\/2021\/05\/sunrise-apartments-logo2.svg","width":1,"height":1,"caption":"Sunrise Apartments"},"image":{"@id":"https:\/\/sunrise-apartments.pl\/pl_pl\/#\/schema\/logo\/image\/"},"sameAs":["https:\/\/www.facebook.com\/Sunrise-Apartaments-\u015awinouj\u015bcie-Przyt\u00f3r-104160921909760\/"]}]}},"jetpack_sharing_enabled":true,"_links":{"self":[{"href":"https:\/\/sunrise-apartments.pl\/pl_pl\/wp-json\/wp\/v2\/pages\/443","targetHints":{"allow":["GET"]}}],"collection":[{"href":"https:\/\/sunrise-apartments.pl\/pl_pl\/wp-json\/wp\/v2\/pages"}],"about":[{"href":"https:\/\/sunrise-apartments.pl\/pl_pl\/wp-json\/wp\/v2\/types\/page"}],"author":[{"embeddable":true,"href":"https:\/\/sunrise-apartments.pl\/pl_pl\/wp-json\/wp\/v2\/users\/1"}],"replies":[{"embeddable":true,"href":"https:\/\/sunrise-apartments.pl\/pl_pl\/wp-json\/wp\/v2\/comments?post=443"}],"version-history":[{"count":3,"href":"https:\/\/sunrise-apartments.pl\/pl_pl\/wp-json\/wp\/v2\/pages\/443\/revisions"}],"predecessor-version":[{"id":502,"href":"https:\/\/sunrise-apartments.pl\/pl_pl\/wp-json\/wp\/v2\/pages\/443\/revisions\/502"}],"wp:attachment":[{"href":"https:\/\/sunrise-apartments.pl\/pl_pl\/wp-json\/wp\/v2\/media?parent=443"}],"curies":[{"name":"wp","href":"https:\/\/api.w.org\/{rel}","templated":true}]}}