{"id":558,"date":"2022-02-06T20:03:10","date_gmt":"2022-02-06T19:03:10","guid":{"rendered":"https:\/\/sunrise-apartments.pl\/?page_id=558"},"modified":"2022-02-06T20:03:49","modified_gmt":"2022-02-06T19:03:49","slug":"wolinski-park-narodowy","status":"publish","type":"page","link":"https:\/\/sunrise-apartments.pl\/de\/wolinski-park-narodowy\/","title":{"rendered":"Woli\u0144ski park narodowy"},"content":{"rendered":"<p>Woli\u0144ski Park Narodowy to jeden z dwudziestu trzech polskich park\u00f3w narodowych. Po\u0142o\u017cony jest w wojew\u00f3dztwie <strong>zachodniopomorskim<\/strong>, w \u015brodkowo-zachodniej cz\u0119\u015bci <strong>Wyspy Wolin<\/strong>, pomi\u0119dzy Zalewem Szczeci\u0144skim a Zatok\u0105 Pomorsk\u0105. Jest on jednocze\u015bnie najdalej wysuni\u0119tym na zach\u00f3d tego typu parkiem i pierwszym parkiem morskim w Polsce.<\/p>\r\n\r\n\r\n\r\n<h2 class=\"wp-block-heading\" id=\"poczatki-wolinskiego-parku-narodowego\">Pocz\u0105tki Woli\u0144skiego Parku Narodowego<\/h2>\r\n\r\n\r\n\r\n<p>Park zosta\u0142 za\u0142o\u017cony w roku <strong>1960<\/strong> a jego obszar pierwotnie wynosi\u0142 niespe\u0142na 50 km kw. Obecnie ma 109 km kw. za spraw\u0105 przy\u0142\u0105czenia w 1996 roku cz\u0119\u015bci Zalewu Szczeci\u0144skiego oraz s\u0105siaduj\u0105cych w\u00f3d morskich.\u00a0<\/p>\r\n\r\n\r\n\r\n<p>Niestety powierzchnia Parku co roku si\u0119 zmniejsza, a wszystko to za spraw\u0105 zabierania ziemi przez morze, kt\u00f3re poch\u0142ania rocznie 80 cm linii brzegowej.\u00a0<\/p>\r\n\r\n\r\n\r\n<p>Pomys\u0142odawc\u0105 jego powo\u0142ania by\u0142 s\u0142ynny le\u015bnik &#8211; <strong>Mieczys\u0142aw Tarchalski<\/strong>. Sam przygotowa\u0142 ca\u0142\u0105 dokumentacj\u0119 niezb\u0119dn\u0105 do ustanowienia Woli\u0144skiego Parku Narodowego. Pierwszym dyrektorem Parku zosta\u0142 jednak inny przyrodnik &#8211; Leon Niedzielski.<\/p>\r\n\r\n\r\n\r\n<p>Na symbol Parku wybrany zosta\u0142 orze\u0142 bielik, kt\u00f3rego rzecz jasna mo\u017cna spotka\u0107 w woli\u0144skich przestworzach.\u00a0<\/p>\r\n\r\n\r\n\r\n<h2 class=\"wp-block-heading\" id=\"skarby-wolinskiego-parku-narodowego\">Skarby Woli\u0144skiego Parku Narodowego<\/h2>\r\n\r\n\r\n\r\n<p>Park jest wymarzon\u0105 miejsc\u00f3wk\u0105 dla <strong>ornitolog\u00f3w <\/strong>albowiem znajduje si\u0119 na g\u0142\u00f3wnym szlaku przelotowym ptak\u00f3w wzd\u0142u\u017c ba\u0142tyckiego wybrze\u017ca. Poza tym na jego terenie jest a\u017c siedem punkt\u00f3w ochrony \u015bcis\u0142ej. Z bada\u0144 ornitologicznych wynika, \u017ce na jego terenie mo\u017ce znajdowa\u0107 si\u0119 nawet <strong>230 gatunk\u00f3w<\/strong> ptactwa.\u00a0<\/p>\r\n\r\n\r\n\r\n<h2 class=\"wp-block-heading\" id=\"niesamowity-krajobraz-morenowy\">Niesamowity krajobraz morenowy<\/h2>\r\n\r\n\r\n\r\n<p>G\u0142\u00f3wnym zjawiskiem krajobrazowym Parku jest szereg wzniesie\u0144 morenowych, kt\u00f3re rozci\u0105gaj\u0105 si\u0119 a\u017c po Zalew Szczeci\u0144ski i morze. Na brzegu podziwia\u0107 mo\u017cna wysokie <strong>klify<\/strong>, si\u0119gaj\u0105ce nawet 95 m. Najwy\u017csza morena osi\u0105ga wysoko\u015b\u0107 115 m n.p.m., i znajduje si\u0119 w rejonie Grzywacza.<\/p>\r\n\r\n\r\n\r\n<p>Drugim dominuj\u0105cym krajobrazem parku jest obszar delty rzeki \u015awiny. Znajduj\u0105 si\u0119 tam bagniste rozlewiska i wysepki, poprzecinane licznymi kana\u0142ami. Tu te\u017c ornitolodzy mog\u0105 spotka\u0107 siedliska dziko \u017cyj\u0105cego <strong>ptactwa<\/strong>.<\/p>\r\n\r\n\r\n\r\n<h2 class=\"wp-block-heading\" id=\"jak-sie-poruszac-po-parku\">Jak si\u0119 porusza\u0107 po Parku?<\/h2>\r\n\r\n\r\n\r\n<p>Sporym u\u0142atwieniem dla pasjonat\u00f3w ornitologii jest <strong>aplikacja<\/strong> mobilna udost\u0119pniona przez Woli\u0144ski Park Narodowy. Dzia\u0142a zar\u00f3wno na systemie iOS jak i na Androidzie. Zawiera m.in. encyklopedyczne opisy oraz zdj\u0119cia atrakcji ornitologicznych i krajobrazowych jak i szlaki turystyczne. Dzi\u0119ki niej mo\u017cna sprawdzi\u0107 swoje po\u0142o\u017cenie w terenie.\u00a0<\/p>\r\n\r\n\r\n\r\n<h2 class=\"wp-block-heading\" id=\"ograniczenia-na-terenie-parku\">Ograniczenia na terenie Parku<\/h2>\r\n\r\n\r\n\r\n<p>Na koniec warto przypomnie\u0107 o <strong>ograniczeniach<\/strong> wyst\u0119puj\u0105cych na terenie Parku. Sa to m.in. zakaz wprowadzania ps\u00f3w czy tez poruszania si\u0119 poza wyznaczonymi szlakami. Nie wolno r\u00f3wnie\u017c zbiera\u0107 owoc\u00f3w, runa le\u015bnego ani rozpala\u0107 ognisk oraz organizowa\u0107 biwak\u00f3w. Na terenie Parku jest ca\u0142kowity zakaz poruszania si\u0119 samochodami.<\/p>","protected":false},"excerpt":{"rendered":"<p>Woli\u0144ski Park Narodowy to jeden z dwudziestu trzech polskich park\u00f3w narodowych. Po\u0142o\u017cony jest w wojew\u00f3dztwie zachodniopomorskim, w \u015brodkowo-zachodniej cz\u0119\u015bci Wyspy Wolin, pomi\u0119dzy Zalewem Szczeci\u0144skim a Zatok\u0105 Pomorsk\u0105. Jest on jednocze\u015bnie najdalej wysuni\u0119tym na zach\u00f3d tego typu parkiem i pierwszym parkiem morskim w Polsce. Pocz\u0105tki Woli\u0144skiego Parku Narodowego Park zosta\u0142 za\u0142o\u017cony w roku 1960 a jego<\/p>","protected":false},"author":1,"featured_media":0,"parent":0,"menu_order":0,"comment_status":"closed","ping_status":"closed","template":"","meta":{"footnotes":""},"class_list":["post-558","page","type-page","status-publish","hentry"],"yoast_head":"<!-- This site is optimized with the Yoast SEO plugin v27.4 - https:\/\/yoast.com\/product\/yoast-seo-wordpress\/ -->\n<title>Sunrise Apartments - Latarnia morska<\/title>\n<meta name=\"description\" content=\"Woli\u0144ski Park Narodowy to jeden z dwudziestu trzech polskich park\u00f3w narodowych. Po\u0142o\u017cony niedaleko urokliwego pensjonatu Sunrise.\" \/>\n<meta name=\"robots\" content=\"index, follow, max-snippet:-1, max-image-preview:large, max-video-preview:-1\" \/>\n<link rel=\"canonical\" href=\"https:\/\/sunrise-apartments.pl\/de\/wolinski-park-narodowy\/\" \/>\n<meta property=\"og:locale\" content=\"de_DE\" \/>\n<meta property=\"og:type\" content=\"article\" \/>\n<meta property=\"og:title\" content=\"Sunrise Apartments - Latarnia morska\" \/>\n<meta property=\"og:description\" content=\"Woli\u0144ski Park Narodowy to jeden z dwudziestu trzech polskich park\u00f3w narodowych. Po\u0142o\u017cony niedaleko urokliwego pensjonatu Sunrise.\" \/>\n<meta property=\"og:url\" content=\"https:\/\/sunrise-apartments.pl\/de\/wolinski-park-narodowy\/\" \/>\n<meta property=\"og:site_name\" content=\"Sunrise Apartments\" \/>\n<meta property=\"article:publisher\" content=\"https:\/\/www.facebook.com\/Sunrise-Apartaments-%c5%9awinouj%c5%9bcie-Przyt%c3%b3r-104160921909760\/\" \/>\n<meta property=\"article:modified_time\" content=\"2022-02-06T19:03:49+00:00\" \/>\n<meta name=\"twitter:card\" content=\"summary_large_image\" \/>\n<meta name=\"twitter:label1\" content=\"Gesch\u00e4tzte Lesezeit\" \/>\n\t<meta name=\"twitter:data1\" content=\"3\u00a0Minuten\" \/>\n<script type=\"application\/ld+json\" class=\"yoast-schema-graph\">{\"@context\":\"https:\\\/\\\/schema.org\",\"@graph\":[{\"@type\":\"WebPage\",\"@id\":\"https:\\\/\\\/sunrise-apartments.pl\\\/pl_pl\\\/wolinski-park-narodowy\\\/\",\"url\":\"https:\\\/\\\/sunrise-apartments.pl\\\/pl_pl\\\/wolinski-park-narodowy\\\/\",\"name\":\"Sunrise Apartments - Latarnia morska\",\"isPartOf\":{\"@id\":\"https:\\\/\\\/sunrise-apartments.pl\\\/pl_pl\\\/#website\"},\"datePublished\":\"2022-02-06T19:03:10+00:00\",\"dateModified\":\"2022-02-06T19:03:49+00:00\",\"description\":\"Woli\u0144ski Park Narodowy to jeden z dwudziestu trzech polskich park\u00f3w narodowych. Po\u0142o\u017cony niedaleko urokliwego pensjonatu Sunrise.\",\"breadcrumb\":{\"@id\":\"https:\\\/\\\/sunrise-apartments.pl\\\/pl_pl\\\/wolinski-park-narodowy\\\/#breadcrumb\"},\"inLanguage\":\"de\",\"potentialAction\":[{\"@type\":\"ReadAction\",\"target\":[\"https:\\\/\\\/sunrise-apartments.pl\\\/pl_pl\\\/wolinski-park-narodowy\\\/\"]}]},{\"@type\":\"BreadcrumbList\",\"@id\":\"https:\\\/\\\/sunrise-apartments.pl\\\/pl_pl\\\/wolinski-park-narodowy\\\/#breadcrumb\",\"itemListElement\":[{\"@type\":\"ListItem\",\"position\":1,\"name\":\"Strona g\u0142\u00f3wna\",\"item\":\"https:\\\/\\\/sunrise-apartments.pl\\\/pl_pl\\\/\"},{\"@type\":\"ListItem\",\"position\":2,\"name\":\"Woli\u0144ski park narodowy\"}]},{\"@type\":\"WebSite\",\"@id\":\"https:\\\/\\\/sunrise-apartments.pl\\\/pl_pl\\\/#website\",\"url\":\"https:\\\/\\\/sunrise-apartments.pl\\\/pl_pl\\\/\",\"name\":\"Sunrise Apartments\",\"description\":\"\",\"publisher\":{\"@id\":\"https:\\\/\\\/sunrise-apartments.pl\\\/pl_pl\\\/#organization\"},\"potentialAction\":[{\"@type\":\"SearchAction\",\"target\":{\"@type\":\"EntryPoint\",\"urlTemplate\":\"https:\\\/\\\/sunrise-apartments.pl\\\/pl_pl\\\/?s={search_term_string}\"},\"query-input\":{\"@type\":\"PropertyValueSpecification\",\"valueRequired\":true,\"valueName\":\"search_term_string\"}}],\"inLanguage\":\"de\"},{\"@type\":\"Organization\",\"@id\":\"https:\\\/\\\/sunrise-apartments.pl\\\/pl_pl\\\/#organization\",\"name\":\"Sunrise Apartments\",\"url\":\"https:\\\/\\\/sunrise-apartments.pl\\\/pl_pl\\\/\",\"logo\":{\"@type\":\"ImageObject\",\"inLanguage\":\"de\",\"@id\":\"https:\\\/\\\/sunrise-apartments.pl\\\/pl_pl\\\/#\\\/schema\\\/logo\\\/image\\\/\",\"url\":\"https:\\\/\\\/sunrise-apartments.pl\\\/wp-content\\\/uploads\\\/2021\\\/05\\\/sunrise-apartments-logo2.svg\",\"contentUrl\":\"https:\\\/\\\/sunrise-apartments.pl\\\/wp-content\\\/uploads\\\/2021\\\/05\\\/sunrise-apartments-logo2.svg\",\"width\":1,\"height\":1,\"caption\":\"Sunrise Apartments\"},\"image\":{\"@id\":\"https:\\\/\\\/sunrise-apartments.pl\\\/pl_pl\\\/#\\\/schema\\\/logo\\\/image\\\/\"},\"sameAs\":[\"https:\\\/\\\/www.facebook.com\\\/Sunrise-Apartaments-\u015awinouj\u015bcie-Przyt\u00f3r-104160921909760\\\/\"]}]}<\/script>\n<!-- \/ Yoast SEO plugin. -->","yoast_head_json":{"title":"Sunrise Apartments - Latarnia morska","description":"Woli\u0144ski Park Narodowy to jeden z dwudziestu trzech polskich park\u00f3w narodowych. Po\u0142o\u017cony niedaleko urokliwego pensjonatu Sunrise.","robots":{"index":"index","follow":"follow","max-snippet":"max-snippet:-1","max-image-preview":"max-image-preview:large","max-video-preview":"max-video-preview:-1"},"canonical":"https:\/\/sunrise-apartments.pl\/de\/wolinski-park-narodowy\/","og_locale":"de_DE","og_type":"article","og_title":"Sunrise Apartments - Latarnia morska","og_description":"Woli\u0144ski Park Narodowy to jeden z dwudziestu trzech polskich park\u00f3w narodowych. Po\u0142o\u017cony niedaleko urokliwego pensjonatu Sunrise.","og_url":"https:\/\/sunrise-apartments.pl\/de\/wolinski-park-narodowy\/","og_site_name":"Sunrise Apartments","article_publisher":"https:\/\/www.facebook.com\/Sunrise-Apartaments-%c5%9awinouj%c5%9bcie-Przyt%c3%b3r-104160921909760\/","article_modified_time":"2022-02-06T19:03:49+00:00","twitter_card":"summary_large_image","twitter_misc":{"Gesch\u00e4tzte Lesezeit":"3\u00a0Minuten"},"schema":{"@context":"https:\/\/schema.org","@graph":[{"@type":"WebPage","@id":"https:\/\/sunrise-apartments.pl\/pl_pl\/wolinski-park-narodowy\/","url":"https:\/\/sunrise-apartments.pl\/pl_pl\/wolinski-park-narodowy\/","name":"Sunrise Apartments - Latarnia morska","isPartOf":{"@id":"https:\/\/sunrise-apartments.pl\/pl_pl\/#website"},"datePublished":"2022-02-06T19:03:10+00:00","dateModified":"2022-02-06T19:03:49+00:00","description":"Woli\u0144ski Park Narodowy to jeden z dwudziestu trzech polskich park\u00f3w narodowych. Po\u0142o\u017cony niedaleko urokliwego pensjonatu Sunrise.","breadcrumb":{"@id":"https:\/\/sunrise-apartments.pl\/pl_pl\/wolinski-park-narodowy\/#breadcrumb"},"inLanguage":"de","potentialAction":[{"@type":"ReadAction","target":["https:\/\/sunrise-apartments.pl\/pl_pl\/wolinski-park-narodowy\/"]}]},{"@type":"BreadcrumbList","@id":"https:\/\/sunrise-apartments.pl\/pl_pl\/wolinski-park-narodowy\/#breadcrumb","itemListElement":[{"@type":"ListItem","position":1,"name":"Strona g\u0142\u00f3wna","item":"https:\/\/sunrise-apartments.pl\/pl_pl\/"},{"@type":"ListItem","position":2,"name":"Woli\u0144ski park narodowy"}]},{"@type":"WebSite","@id":"https:\/\/sunrise-apartments.pl\/pl_pl\/#website","url":"https:\/\/sunrise-apartments.pl\/pl_pl\/","name":"Sunrise Apartments","description":"","publisher":{"@id":"https:\/\/sunrise-apartments.pl\/pl_pl\/#organization"},"potentialAction":[{"@type":"SearchAction","target":{"@type":"EntryPoint","urlTemplate":"https:\/\/sunrise-apartments.pl\/pl_pl\/?s={search_term_string}"},"query-input":{"@type":"PropertyValueSpecification","valueRequired":true,"valueName":"search_term_string"}}],"inLanguage":"de"},{"@type":"Organization","@id":"https:\/\/sunrise-apartments.pl\/pl_pl\/#organization","name":"Sunrise Apartments","url":"https:\/\/sunrise-apartments.pl\/pl_pl\/","logo":{"@type":"ImageObject","inLanguage":"de","@id":"https:\/\/sunrise-apartments.pl\/pl_pl\/#\/schema\/logo\/image\/","url":"https:\/\/sunrise-apartments.pl\/wp-content\/uploads\/2021\/05\/sunrise-apartments-logo2.svg","contentUrl":"https:\/\/sunrise-apartments.pl\/wp-content\/uploads\/2021\/05\/sunrise-apartments-logo2.svg","width":1,"height":1,"caption":"Sunrise Apartments"},"image":{"@id":"https:\/\/sunrise-apartments.pl\/pl_pl\/#\/schema\/logo\/image\/"},"sameAs":["https:\/\/www.facebook.com\/Sunrise-Apartaments-\u015awinouj\u015bcie-Przyt\u00f3r-104160921909760\/"]}]}},"jetpack_sharing_enabled":true,"_links":{"self":[{"href":"https:\/\/sunrise-apartments.pl\/de\/wp-json\/wp\/v2\/pages\/558","targetHints":{"allow":["GET"]}}],"collection":[{"href":"https:\/\/sunrise-apartments.pl\/de\/wp-json\/wp\/v2\/pages"}],"about":[{"href":"https:\/\/sunrise-apartments.pl\/de\/wp-json\/wp\/v2\/types\/page"}],"author":[{"embeddable":true,"href":"https:\/\/sunrise-apartments.pl\/de\/wp-json\/wp\/v2\/users\/1"}],"replies":[{"embeddable":true,"href":"https:\/\/sunrise-apartments.pl\/de\/wp-json\/wp\/v2\/comments?post=558"}],"version-history":[{"count":5,"href":"https:\/\/sunrise-apartments.pl\/de\/wp-json\/wp\/v2\/pages\/558\/revisions"}],"predecessor-version":[{"id":565,"href":"https:\/\/sunrise-apartments.pl\/de\/wp-json\/wp\/v2\/pages\/558\/revisions\/565"}],"wp:attachment":[{"href":"https:\/\/sunrise-apartments.pl\/de\/wp-json\/wp\/v2\/media?parent=558"}],"curies":[{"name":"wp","href":"https:\/\/api.w.org\/{rel}","templated":true}]}}